{"id":5940,"date":"2023-05-10T18:21:06","date_gmt":"2023-05-10T16:21:06","guid":{"rendered":"https:\/\/cleantech.idaliadigital.com\/politica-de-cookies\/"},"modified":"2023-06-02T10:08:07","modified_gmt":"2023-06-02T08:08:07","slug":"politica-de-cookies","status":"publish","type":"page","link":"https:\/\/www.wte-as.com\/es\/politica-de-cookies\/","title":{"rendered":"Pol\u00edtica de cookies"},"content":{"rendered":"\t\t<div data-elementor-type=\"wp-page\" data-elementor-id=\"5940\" class=\"elementor elementor-5940 elementor-103\" data-elementor-post-type=\"page\">\n\t\t\t\t<div class=\"elementor-element elementor-element-6bb950bb e-flex e-con-boxed e-con e-parent\" data-id=\"6bb950bb\" data-element_type=\"container\" data-e-type=\"container\">\n\t\t\t\t\t<div class=\"e-con-inner\">\n\t\t\t\t<div class=\"elementor-element elementor-element-3ac50a92 elementor-widget elementor-widget-heading\" data-id=\"3ac50a92\" data-element_type=\"widget\" data-e-type=\"widget\" data-widget_type=\"heading.default\">\n\t\t\t\t<div class=\"elementor-widget-container\">\n\t\t\t\t\t<h1 class=\"elementor-heading-title elementor-size-default\">Pol\u00edtica de cookies\n<\/h1>\t\t\t\t<\/div>\n\t\t\t\t<\/div>\n\t\t\t\t<div class=\"elementor-element elementor-element-6e6359b2 elementor-widget elementor-widget-text-editor\" data-id=\"6e6359b2\" data-element_type=\"widget\" data-e-type=\"widget\" data-widget_type=\"text-editor.default\">\n\t\t\t\t<div class=\"elementor-widget-container\">\n\t\t\t\t\t\t\t\t\t<p>El responsable del sitio web <a href=\"https:\/\/www.wte-as.com\/es\/\">https:\/\/www.wte-as.com<\/a> (el \u201cSitio Web\u201d) es WASTE TO ENERGY ADVANCED SOLUTIONS SL. que puede utilizar una tecnolog\u00eda denominada \u201ccookies\u201d con la finalidad de poder recabar informaci\u00f3n acerca del uso del Sitio Web. Le informamos de que podr\u00edamos utilizar cookies con la finalidad de facilitar su navegaci\u00f3n a trav\u00e9s del Sitio Web, distinguirle de otros usuarios, proporcionarle una mejor experiencia en el uso de este, e identificar problemas para mejorar nuestro Sitio Web. Asimismo, en caso de que prestara su consentimiento, podr\u00edamos utilizar cookies que nos permitieran obtener m\u00e1s informaci\u00f3n acerca de sus preferencias y personalizar nuestro Sitio Web de conformidad con sus intereses individuales. La presente pol\u00edtica de cookies tiene por finalidad informarle de manera clara y precisa sobre las cookies que se utilizan en nuestro Sitio Web en cada momento. En caso de que quiera recabar m\u00e1s informaci\u00f3n sobre las cookies que utilizamos en el Sitio Web, puede enviar un correo electr\u00f3nico a la siguiente direcci\u00f3n: <a href=\"mailto:protecciondedatos@meridiacapital.com.\">info@wte-as.com<\/a><\/p>\n\t\t\t\t\t\t\t\t<\/div>\n\t\t\t\t<\/div>\n\t\t\t\t<div class=\"elementor-element elementor-element-2974d238 elementor-widget elementor-widget-heading\" data-id=\"2974d238\" data-element_type=\"widget\" data-e-type=\"widget\" data-widget_type=\"heading.default\">\n\t\t\t\t<div class=\"elementor-widget-container\">\n\t\t\t\t\t<h2 class=\"elementor-heading-title elementor-size-default\">\u00bfQu\u00e9 son las cookies?<\/h2>\t\t\t\t<\/div>\n\t\t\t\t<\/div>\n\t\t\t\t<div class=\"elementor-element elementor-element-359fd337 elementor-widget elementor-widget-text-editor\" data-id=\"359fd337\" data-element_type=\"widget\" data-e-type=\"widget\" data-widget_type=\"text-editor.default\">\n\t\t\t\t<div class=\"elementor-widget-container\">\n\t\t\t\t\t\t\t\t\t<p>Una cookie es un archivo que se descarga en su equipo (ordenador o dispositivo m\u00f3vil) con la finalidad de almacenar datos que podr\u00e1n ser actualizados y recuperados por la entidad responsable de su instalaci\u00f3n. La informaci\u00f3n recabada a trav\u00e9s de las cookies puede incluir la fecha y hora de visitas al Sitio Web, las p\u00e1ginas visionadas, el tiempo que ha estado en nuestro sitio Web y los sitios visitados justo antes y despu\u00e9s del mismo.<\/p>\n\t\t\t\t\t\t\t\t<\/div>\n\t\t\t\t<\/div>\n\t\t\t\t<div class=\"elementor-element elementor-element-5d209dc elementor-widget elementor-widget-heading\" data-id=\"5d209dc\" data-element_type=\"widget\" data-e-type=\"widget\" data-widget_type=\"heading.default\">\n\t\t\t\t<div class=\"elementor-widget-container\">\n\t\t\t\t\t<h2 class=\"elementor-heading-title elementor-size-default\">Tipo de cookies que se pueden usar en el sitio web<\/h2>\t\t\t\t<\/div>\n\t\t\t\t<\/div>\n\t\t\t\t<div class=\"elementor-element elementor-element-75d6adb3 elementor-widget elementor-widget-heading\" data-id=\"75d6adb3\" data-element_type=\"widget\" data-e-type=\"widget\" data-widget_type=\"heading.default\">\n\t\t\t\t<div class=\"elementor-widget-container\">\n\t\t\t\t\t<h3 class=\"elementor-heading-title elementor-size-default\">Cookies de sesi\u00f3n<\/h3>\t\t\t\t<\/div>\n\t\t\t\t<\/div>\n\t\t\t\t<div class=\"elementor-element elementor-element-24f149a8 elementor-widget elementor-widget-text-editor\" data-id=\"24f149a8\" data-element_type=\"widget\" data-e-type=\"widget\" data-widget_type=\"text-editor.default\">\n\t\t\t\t<div class=\"elementor-widget-container\">\n\t\t\t\t\t\t\t\t\t<p>Son aquellas cookies que son enviadas a su ordenador y gestionadas exclusivamente por nosotros para el mejor funcionamiento de la Web. La informaci\u00f3n que recabamos se emplea para mejorar la calidad de nuestro servicio y su experiencia como usuario.<\/p>\n\t\t\t\t\t\t\t\t<\/div>\n\t\t\t\t<\/div>\n\t\t\t\t<div class=\"elementor-element elementor-element-0349d03 elementor-widget elementor-widget-heading\" data-id=\"0349d03\" data-element_type=\"widget\" data-e-type=\"widget\" data-widget_type=\"heading.default\">\n\t\t\t\t<div class=\"elementor-widget-container\">\n\t\t\t\t\t<h3 class=\"elementor-heading-title elementor-size-default\">Cookies persistentes<\/h3>\t\t\t\t<\/div>\n\t\t\t\t<\/div>\n\t\t\t\t<div class=\"elementor-element elementor-element-4e0b2b4e elementor-widget elementor-widget-text-editor\" data-id=\"4e0b2b4e\" data-element_type=\"widget\" data-e-type=\"widget\" data-widget_type=\"text-editor.default\">\n\t\t\t\t<div class=\"elementor-widget-container\">\n\t\t\t\t\t\t\t\t\t<p>Estas cookies permanecen en su navegador m\u00e1s tiempo, permiti\u00e9ndonos reconocerle como visitante recurrente del Sitio Web y adaptar el contenido para ofrecerle contenidos que se ajusten a sus preferencias. <\/p>\n\t\t\t\t\t\t\t\t<\/div>\n\t\t\t\t<\/div>\n\t\t\t\t<div class=\"elementor-element elementor-element-ab7e282 elementor-widget elementor-widget-heading\" data-id=\"ab7e282\" data-element_type=\"widget\" data-e-type=\"widget\" data-widget_type=\"heading.default\">\n\t\t\t\t<div class=\"elementor-widget-container\">\n\t\t\t\t\t<h3 class=\"elementor-heading-title elementor-size-default\">Cookies funcionales o t\u00e9cnicas<\/h3>\t\t\t\t<\/div>\n\t\t\t\t<\/div>\n\t\t\t\t<div class=\"elementor-element elementor-element-47e31a2d elementor-widget elementor-widget-text-editor\" data-id=\"47e31a2d\" data-element_type=\"widget\" data-e-type=\"widget\" data-widget_type=\"text-editor.default\">\n\t\t\t\t<div class=\"elementor-widget-container\">\n\t\t\t\t\t\t\t\t\t<p>Estas cookies permiten la navegaci\u00f3n del usuario a trav\u00e9s de la Web y la utilizaci\u00f3n de las diferentes opciones o servicios que en ella existan, como por ejemplo controlar el tr\u00e1fico y la comunicaci\u00f3n de datos, identificar la sesi\u00f3n, contar visitas, utilizar elementos de seguridad durante la navegaci\u00f3n.<\/p>\n\t\t\t\t\t\t\t\t<\/div>\n\t\t\t\t<\/div>\n\t\t\t\t<div class=\"elementor-element elementor-element-6c482831 elementor-widget elementor-widget-heading\" data-id=\"6c482831\" data-element_type=\"widget\" data-e-type=\"widget\" data-widget_type=\"heading.default\">\n\t\t\t\t<div class=\"elementor-widget-container\">\n\t\t\t\t\t<h3 class=\"elementor-heading-title elementor-size-default\">Cookies de preferencias o personalizaci\u00f3n<\/h3>\t\t\t\t<\/div>\n\t\t\t\t<\/div>\n\t\t\t\t<div class=\"elementor-element elementor-element-84e1305 elementor-widget elementor-widget-text-editor\" data-id=\"84e1305\" data-element_type=\"widget\" data-e-type=\"widget\" data-widget_type=\"text-editor.default\">\n\t\t\t\t<div class=\"elementor-widget-container\">\n\t\t\t\t\t\t\t\t\t<p>Estas cookies permiten recordar informaci\u00f3n para que el usuario acceda al servicio con determinadas caracter\u00edsticas que pueden diferenciar su experiencia de la de otros usuarios, como por ejemplo el idioma, el aspecto o contenido del servicio en funci\u00f3n del tipo de navegador a trav\u00e9s del cual el usuario accede al servicio o de la regi\u00f3n desde la que se accede.<\/p>\n\t\t\t\t\t\t\t\t<\/div>\n\t\t\t\t<\/div>\n\t\t\t\t<div class=\"elementor-element elementor-element-4074aa48 elementor-widget elementor-widget-heading\" data-id=\"4074aa48\" data-element_type=\"widget\" data-e-type=\"widget\" data-widget_type=\"heading.default\">\n\t\t\t\t<div class=\"elementor-widget-container\">\n\t\t\t\t\t<h3 class=\"elementor-heading-title elementor-size-default\">Cookies de an\u00e1lisis o medici\u00f3n<\/h3>\t\t\t\t<\/div>\n\t\t\t\t<\/div>\n\t\t\t\t<div class=\"elementor-element elementor-element-5cec679a elementor-widget elementor-widget-text-editor\" data-id=\"5cec679a\" data-element_type=\"widget\" data-e-type=\"widget\" data-widget_type=\"text-editor.default\">\n\t\t\t\t<div class=\"elementor-widget-container\">\n\t\t\t\t\t\t\t\t\t<p>Son aquellas que, tratadas por nosotros o por terceros, nos permiten cuantificar el n\u00famero de usuarios y as\u00ed realizar la medici\u00f3n y an\u00e1lisis estad\u00edstico de la utilizaci\u00f3n que hacen los usuarios de los servicios ofertados. Para ello se analiza su navegaci\u00f3n en nuestra Web con el fin de mejorar la oferta de nuestros productos o servicios que le ofrecemos.<\/p>\n\t\t\t\t\t\t\t\t<\/div>\n\t\t\t\t<\/div>\n\t\t\t\t<div class=\"elementor-element elementor-element-de7436d elementor-widget elementor-widget-heading\" data-id=\"de7436d\" data-element_type=\"widget\" data-e-type=\"widget\" data-widget_type=\"heading.default\">\n\t\t\t\t<div class=\"elementor-widget-container\">\n\t\t\t\t\t<h3 class=\"elementor-heading-title elementor-size-default\">Cookies de marketing u otras<\/h3>\t\t\t\t<\/div>\n\t\t\t\t<\/div>\n\t\t\t\t<div class=\"elementor-element elementor-element-62e1749 elementor-widget elementor-widget-text-editor\" data-id=\"62e1749\" data-element_type=\"widget\" data-e-type=\"widget\" data-widget_type=\"text-editor.default\">\n\t\t\t\t<div class=\"elementor-widget-container\">\n\t\t\t\t\t\t\t\t\t<p>Son aquellas que, tratadas por nosotros o por terceros, nos permiten analizar sus h\u00e1bitos de navegaci\u00f3n en Internet para que podamos mostrarle publicidad relacionada con su perfil de navegaci\u00f3n. En concreto, actualmente utilizamos las siguientes cookies:<\/p>\n\t\t\t\t\t\t\t\t<\/div>\n\t\t\t\t<\/div>\n\t\t\t\t<div class=\"elementor-element elementor-element-4751a74a elementor-widget elementor-widget-heading\" data-id=\"4751a74a\" data-element_type=\"widget\" data-e-type=\"widget\" data-widget_type=\"heading.default\">\n\t\t\t\t<div class=\"elementor-widget-container\">\n\t\t\t\t\t<h2 class=\"elementor-heading-title elementor-size-default\">1. Cookies propias<\/h2>\t\t\t\t<\/div>\n\t\t\t\t<\/div>\n\t\t\t\t<div class=\"elementor-element elementor-element-e1239e8 elementor-widget elementor-widget-text-editor\" data-id=\"e1239e8\" data-element_type=\"widget\" data-e-type=\"widget\" data-widget_type=\"text-editor.default\">\n\t\t\t\t<div class=\"elementor-widget-container\">\n\t\t\t\t\t\t\t\t\t<ul>\n<li><em>wordpress_sec_;<\/em> Estas <em>cookies<\/em> se utilizan para mantener la sesi\u00f3n del Usuario. Caduca al final de la sesi\u00f3n de navegaci\u00f3n.<\/li>\n<li><em>wp-settings-time-1;<\/em> Se utiliza para personalizar la interfaz de usuario. Caduca en 1 d\u00eda.<\/li>\n<li><em>wp-settings-1;<\/em> Se utiliza para personalizar la interfaz de usuario. Caduca en 1 d\u00eda.<\/li>\n<li><em>wordpress_logged_in_;<\/em> Su funci\u00f3n es indicar cu\u00e1ndo se ha conectado y qui\u00e9n es, siendo utilizado por la interfaz de WordPress. Caduca al final de la sesi\u00f3n de navegaci\u00f3n.<\/li>\n<li><em>wordpress_test_cookie;<\/em> Esta <em>cookie<\/em> se usa para que el gestor de contenidos WordPress compruebe si el navegador tiene las cookies activadas. Caduca al final de la sesi\u00f3n de navegaci\u00f3n.<\/li>\n<li><em>wp-wpml_current_language_;<\/em> Almacena el idioma actual. Esta cookie est\u00e1 habilitada de forma predeterminada en los sitios que utilizan la funci\u00f3n de filtrado de idioma para operaciones AJAX. Caduca en 1 d\u00eda.<\/li>\n<li class=\"li1\"><em><span class=\"s2\">wp-wpml_current_admin_language_{hash}<\/span>;<\/em> Almacena el idioma actual del \u00e1rea de administraci\u00f3n de WordPress.<\/li>\n<li><em>cookielawinfo-checkbox-necessary;<\/em> Utilizado por el complemento de consentimiento de cookie de RGPD. Caduca a los 30 minutos.<\/li>\n<li><em>cookielawinfo-checkbox-non-necessary;<\/em> Utilizado por el complemento de consentimiento de cookie de RGPD. Caduca en 1 a\u00f1o.<\/li>\n<li><em>viewed_cookie_policy;<\/em> Estrictamente necesaria que contiene el valor de si se ha aceptado la pol\u00edtica de cooikes y privacidad. Caduca en 1 a\u00f1o desde la \u00faltima actualizaci\u00f3n.<\/li>\n<\/ul>\n\t\t\t\t\t\t\t\t<\/div>\n\t\t\t\t<\/div>\n\t\t\t\t<div class=\"elementor-element elementor-element-f1abc2e elementor-widget elementor-widget-heading\" data-id=\"f1abc2e\" data-element_type=\"widget\" data-e-type=\"widget\" data-widget_type=\"heading.default\">\n\t\t\t\t<div class=\"elementor-widget-container\">\n\t\t\t\t\t<h2 class=\"elementor-heading-title elementor-size-default\">2. Cookies de terceros<\/h2>\t\t\t\t<\/div>\n\t\t\t\t<\/div>\n\t\t\t\t<div class=\"elementor-element elementor-element-60dae1f1 elementor-widget elementor-widget-text-editor\" data-id=\"60dae1f1\" data-element_type=\"widget\" data-e-type=\"widget\" data-widget_type=\"text-editor.default\">\n\t\t\t\t<div class=\"elementor-widget-container\">\n\t\t\t\t\t\t\t\t\t<ul>\n<li><em>_ga<\/em>; Permite distinguir a los diferentes usuarios de la web. Caduca a los 2 a\u00f1os.<\/li>\n<li><em>_gid;<\/em> Se usa para distinguir usuarios. Caduca en 24 h.<\/li>\n<\/ul>\n\t\t\t\t\t\t\t\t<\/div>\n\t\t\t\t<\/div>\n\t\t\t\t<div class=\"elementor-element elementor-element-1c2dd1e0 elementor-widget elementor-widget-heading\" data-id=\"1c2dd1e0\" data-element_type=\"widget\" data-e-type=\"widget\" data-widget_type=\"heading.default\">\n\t\t\t\t<div class=\"elementor-widget-container\">\n\t\t\t\t\t<h2 class=\"elementor-heading-title elementor-size-default\">Consentimiento<\/h2>\t\t\t\t<\/div>\n\t\t\t\t<\/div>\n\t\t\t\t<div class=\"elementor-element elementor-element-304283dd elementor-widget elementor-widget-text-editor\" data-id=\"304283dd\" data-element_type=\"widget\" data-e-type=\"widget\" data-widget_type=\"text-editor.default\">\n\t\t\t\t<div class=\"elementor-widget-container\">\n\t\t\t\t\t\t\t\t\t<p>Cuando entre por primera vez en nuestra web le aparecer\u00e1 un banner para que pueda acceder y conocer las cookies que utiliza nuestra web y, en su caso, consentir su uso.<\/p>\n\t\t\t\t\t\t\t\t<\/div>\n\t\t\t\t<\/div>\n\t\t\t\t<div class=\"elementor-element elementor-element-773de864 elementor-widget elementor-widget-heading\" data-id=\"773de864\" data-element_type=\"widget\" data-e-type=\"widget\" data-widget_type=\"heading.default\">\n\t\t\t\t<div class=\"elementor-widget-container\">\n\t\t\t\t\t<h2 class=\"elementor-heading-title elementor-size-default\">Deshabilitar y bloquear las cookies o retirar mi consentimiento<\/h2>\t\t\t\t<\/div>\n\t\t\t\t<\/div>\n\t\t\t\t<div class=\"elementor-element elementor-element-70cb5573 elementor-widget elementor-widget-text-editor\" data-id=\"70cb5573\" data-element_type=\"widget\" data-e-type=\"widget\" data-widget_type=\"text-editor.default\">\n\t\t\t\t<div class=\"elementor-widget-container\">\n\t\t\t\t\t\t\t\t\t<p>En cualquier caso, le informamos de que, dado que las cookies no Funcionales, no son imprescindibles para el uso de nuestro Sitio Web, puede bloquearlas o deshabilitarlas, adem\u00e1s, activando la configuraci\u00f3n de su navegador que le permite rechazar la instalaci\u00f3n de todas las cookies o de algunas de ellas. La pr\u00e1ctica mayor\u00eda de los navegadores permiten advertir de la presencia de cookies o rechazarlas autom\u00e1ticamente. Si las rechaza podr\u00e1 seguir usando nuestro Sitio Web, aunque el uso de algunos de sus servicios podr\u00e1 ser limitado y por tanto su experiencia en nuestro Sitio Web menos satisfactoria. Para m\u00e1s informaci\u00f3n sobre la eliminaci\u00f3n, deshabilitaci\u00f3n o bloqueo de las cookies por favor visite: <br \/><a href=\"http:\/\/www.aboutcookies.org\/Default.aspx?page=2\" target=\"_blank\" rel=\"noopener\">http:\/\/www.aboutcookies.org\/Default.aspx?page=2<\/a> <br \/>You can also find information on how to do it in the following links depending on the browser you use:<\/p>\n\t\t\t\t\t\t\t\t<\/div>\n\t\t\t\t<\/div>\n\t\t\t\t<div class=\"elementor-element elementor-element-f5e448f elementor-widget elementor-widget-text-editor\" data-id=\"f5e448f\" data-element_type=\"widget\" data-e-type=\"widget\" data-widget_type=\"text-editor.default\">\n\t\t\t\t<div class=\"elementor-widget-container\">\n\t\t\t\t\t\t\t\t\t<p><strong>Firefox:<\/strong><br \/><a href=\"https:\/\/support.mozilla.org\/en-US\/kb\/enable-and-disable-cookies-website-preferences\" target=\"_blank\" rel=\"noopener\">https:\/\/support.mozilla.org\/en-US\/kb\/enable-and-disable-cookies-website-preferences<\/a><\/p>\n<p><strong>Chrome:<\/strong><br \/><a href=\"https:\/\/support.google.com\/chrome\/answer\/95647\" target=\"_blank\" rel=\"noopener\">https:\/\/support.google.com\/chrome\/answer\/95647<\/a><\/p>\n<p><strong>Edge:<\/strong><br \/><a href=\"https:\/\/privacy.microsoft.com\/en-us\/windows-10-microsoft-edge-and-privacy\" target=\"_blank\" rel=\"noopener\">https:\/\/privacy.microsoft.com\/en-us\/windows-10-microsoft-edge-and-privacy<\/a><\/p>\n<p><strong>Safari:<\/strong><br \/><a href=\"https:\/\/support.apple.com\/es-es\/guide\/safari\/manage-cookies-and-website-data-sfri11471\/mac\" target=\"_blank\" rel=\"noopener\">https:\/\/support.apple.com\/es-es\/guide\/safari\/manage-cookies-and-website-data-sfri11471\/mac<\/a><\/p>\n<p><strong>Opera:<\/strong><br \/><a href=\"https:\/\/www.opera.com\/help\/tutorials\/security\/privacy\/\" target=\"_blank\" rel=\"noopener\">https:\/\/www.opera.com\/help\/tutorials\/security\/privacy\/<\/a><\/p>\n<p>Si lo desea puede ver los videos desarrollados por la Agencia Espa\u00f1ola de Protecci\u00f3n de Datos con la finalidad de explicar c\u00f3mo configurar las opciones de privacidad desde diferentes plataformas y equipos.<br \/><a href=\"https:\/\/www.aepd.es\/es\/guias-y-herramientas\/videos\" target=\"_blank\" rel=\"noopener\">https:\/\/www.aepd.es\/es\/guias-y-herramientas\/videos<\/a><\/p>\n\t\t\t\t\t\t\t\t<\/div>\n\t\t\t\t<\/div>\n\t\t\t\t<div class=\"elementor-element elementor-element-310ccbae elementor-widget elementor-widget-heading\" data-id=\"310ccbae\" data-element_type=\"widget\" data-e-type=\"widget\" data-widget_type=\"heading.default\">\n\t\t\t\t<div class=\"elementor-widget-container\">\n\t\t\t\t\t<h2 class=\"elementor-heading-title elementor-size-default\">Cambios en la pol\u00edtica de cookies<\/h2>\t\t\t\t<\/div>\n\t\t\t\t<\/div>\n\t\t\t\t<div class=\"elementor-element elementor-element-781784a1 elementor-widget elementor-widget-text-editor\" data-id=\"781784a1\" data-element_type=\"widget\" data-e-type=\"widget\" data-widget_type=\"text-editor.default\">\n\t\t\t\t<div class=\"elementor-widget-container\">\n\t\t\t\t\t\t\t\t\t<p>Es posible que actualicemos la Pol\u00edtica de Cookies de nuestro Sitio Web, por ello le recomendamos revisar esta pol\u00edtica cada vez que acceda a nuestro Sitio Web con el objetivo de estar adecuadamente informado sobre c\u00f3mo y para qu\u00e9 usamos las cookies. <\/p>\n\t\t\t\t\t\t\t\t<\/div>\n\t\t\t\t<\/div>\n\t\t\t\t\t<\/div>\n\t\t\t\t<\/div>\n\t\t\t\t<\/div>\n\t\t","protected":false},"excerpt":{"rendered":"<p>Pol\u00edtica de cookies El responsable del sitio web https:\/\/www.wte-as.com (el \u201cSitio Web\u201d) es WASTE TO ENERGY ADVANCED SOLUTIONS SL. que puede utilizar una tecnolog\u00eda denominada \u201ccookies\u201d con la finalidad de poder recabar informaci\u00f3n acerca del uso del Sitio Web. Le informamos de que podr\u00edamos utilizar cookies con la finalidad de facilitar su navegaci\u00f3n a trav\u00e9s [&hellip;]<\/p>\n","protected":false},"author":1,"featured_media":0,"parent":0,"menu_order":0,"comment_status":"closed","ping_status":"closed","template":"","meta":{"footnotes":""},"class_list":["post-5940","page","type-page","status-publish","hentry"],"yoast_head":"<!-- This site is optimized with the Yoast SEO plugin v26.9 - https:\/\/yoast.com\/product\/yoast-seo-wordpress\/ -->\n<title>Pol\u00edtica de cookies &#187; WtEnergy Advanced Solutions<\/title>\n<meta name=\"description\" content=\"Definimos la pol\u00edtica de cookies de WtEnergy Advanced Solutions, empresa que ofrece soluciones para la generaci\u00f3n de energ\u00eda renovable.\" \/>\n<meta name=\"robots\" content=\"noindex, follow\" \/>\n<meta property=\"og:locale\" content=\"es_ES\" \/>\n<meta property=\"og:type\" content=\"article\" \/>\n<meta property=\"og:title\" content=\"Pol\u00edtica de cookies &#187; WtEnergy Advanced Solutions\" \/>\n<meta property=\"og:description\" content=\"Definimos la pol\u00edtica de cookies de WtEnergy Advanced Solutions, empresa que ofrece soluciones para la generaci\u00f3n de energ\u00eda renovable.\" \/>\n<meta property=\"og:url\" content=\"https:\/\/www.wte-as.com\/es\/politica-de-cookies\/\" \/>\n<meta property=\"og:site_name\" content=\"WtEnergy Advanced Solutions\" \/>\n<meta property=\"article:modified_time\" content=\"2023-06-02T08:08:07+00:00\" \/>\n<meta name=\"twitter:card\" content=\"summary_large_image\" \/>\n<meta name=\"twitter:label1\" content=\"Tiempo de lectura\" \/>\n\t<meta name=\"twitter:data1\" content=\"6 minutos\" \/>\n<!-- \/ Yoast SEO plugin. -->","yoast_head_json":{"title":"Pol\u00edtica de cookies &#187; WtEnergy Advanced Solutions","description":"Definimos la pol\u00edtica de cookies de WtEnergy Advanced Solutions, empresa que ofrece soluciones para la generaci\u00f3n de energ\u00eda renovable.","robots":{"index":"noindex","follow":"follow"},"og_locale":"es_ES","og_type":"article","og_title":"Pol\u00edtica de cookies &#187; WtEnergy Advanced Solutions","og_description":"Definimos la pol\u00edtica de cookies de WtEnergy Advanced Solutions, empresa que ofrece soluciones para la generaci\u00f3n de energ\u00eda renovable.","og_url":"https:\/\/www.wte-as.com\/es\/politica-de-cookies\/","og_site_name":"WtEnergy Advanced Solutions","article_modified_time":"2023-06-02T08:08:07+00:00","twitter_card":"summary_large_image","twitter_misc":{"Tiempo de lectura":"6 minutos"},"schema":{"@context":"https:\/\/schema.org","@graph":[{"@type":"WebPage","@id":"https:\/\/www.wte-as.com\/es\/politica-de-cookies\/","url":"https:\/\/www.wte-as.com\/es\/politica-de-cookies\/","name":"Pol\u00edtica de cookies &#187; WtEnergy Advanced Solutions","isPartOf":{"@id":"https:\/\/www.wte-as.com\/es\/#website"},"datePublished":"2023-05-10T16:21:06+00:00","dateModified":"2023-06-02T08:08:07+00:00","description":"Definimos la pol\u00edtica de cookies de WtEnergy Advanced Solutions, empresa que ofrece soluciones para la generaci\u00f3n de energ\u00eda renovable.","breadcrumb":{"@id":"https:\/\/www.wte-as.com\/es\/politica-de-cookies\/#breadcrumb"},"inLanguage":"es","potentialAction":[{"@type":"ReadAction","target":["https:\/\/www.wte-as.com\/es\/politica-de-cookies\/"]}]},{"@type":"BreadcrumbList","@id":"https:\/\/www.wte-as.com\/es\/politica-de-cookies\/#breadcrumb","itemListElement":[{"@type":"ListItem","position":1,"name":"Home","item":"https:\/\/www.wte-as.com\/es\/"},{"@type":"ListItem","position":2,"name":"Pol\u00edtica de cookies"}]},{"@type":"WebSite","@id":"https:\/\/www.wte-as.com\/es\/#website","url":"https:\/\/www.wte-as.com\/es\/","name":"WtEnergy Advanced Solutions","description":"Implementation of CleanTech and waste to energy technologies.","publisher":{"@id":"https:\/\/www.wte-as.com\/es\/#organization"},"alternateName":"WtEnergy","potentialAction":[{"@type":"SearchAction","target":{"@type":"EntryPoint","urlTemplate":"https:\/\/www.wte-as.com\/es\/?s={search_term_string}"},"query-input":{"@type":"PropertyValueSpecification","valueRequired":true,"valueName":"search_term_string"}}],"inLanguage":"es"},{"@type":"Organization","@id":"https:\/\/www.wte-as.com\/es\/#organization","name":"WtEnergy Advanced Solutions","alternateName":"WtEnergy","url":"https:\/\/www.wte-as.com\/es\/","logo":{"@type":"ImageObject","inLanguage":"es","@id":"https:\/\/www.wte-as.com\/es\/#\/schema\/logo\/image\/","url":"https:\/\/www.wte-as.com\/wp-content\/uploads\/2023\/05\/wtenergy-advanced-solutions-.png","contentUrl":"https:\/\/www.wte-as.com\/wp-content\/uploads\/2023\/05\/wtenergy-advanced-solutions-.png","width":348,"height":107,"caption":"WtEnergy Advanced Solutions"},"image":{"@id":"https:\/\/www.wte-as.com\/es\/#\/schema\/logo\/image\/"},"sameAs":["https:\/\/www.linkedin.com\/company\/waste-to-energy-advanced-solutions\/"]}]}},"_links":{"self":[{"href":"https:\/\/www.wte-as.com\/es\/wp-json\/wp\/v2\/pages\/5940","targetHints":{"allow":["GET"]}}],"collection":[{"href":"https:\/\/www.wte-as.com\/es\/wp-json\/wp\/v2\/pages"}],"about":[{"href":"https:\/\/www.wte-as.com\/es\/wp-json\/wp\/v2\/types\/page"}],"author":[{"embeddable":true,"href":"https:\/\/www.wte-as.com\/es\/wp-json\/wp\/v2\/users\/1"}],"replies":[{"embeddable":true,"href":"https:\/\/www.wte-as.com\/es\/wp-json\/wp\/v2\/comments?post=5940"}],"version-history":[{"count":0,"href":"https:\/\/www.wte-as.com\/es\/wp-json\/wp\/v2\/pages\/5940\/revisions"}],"wp:attachment":[{"href":"https:\/\/www.wte-as.com\/es\/wp-json\/wp\/v2\/media?parent=5940"}],"curies":[{"name":"wp","href":"https:\/\/api.w.org\/{rel}","templated":true}]}}