{"id":5962,"date":"2023-05-10T13:05:45","date_gmt":"2023-05-10T11:05:45","guid":{"rendered":"https:\/\/cleantech.idaliadigital.com\/noticias\/"},"modified":"2025-07-29T09:06:44","modified_gmt":"2025-07-29T07:06:44","slug":"soluciones-avanzadas-cleantech","status":"publish","type":"page","link":"https:\/\/www.wte-as.com\/es\/soluciones-avanzadas-cleantech\/","title":{"rendered":"Noticias"},"content":{"rendered":"\t\t<div data-elementor-type=\"wp-page\" data-elementor-id=\"5962\" class=\"elementor elementor-5962 elementor-33\" data-elementor-post-type=\"page\">\n\t\t\t\t<div class=\"elementor-element elementor-element-54b488e7 e-con-full e-flex e-con e-parent\" data-id=\"54b488e7\" data-element_type=\"container\" data-e-type=\"container\">\n\t\t<div class=\"elementor-element elementor-element-6fea7043 e-con-full e-flex e-con e-child\" data-id=\"6fea7043\" data-element_type=\"container\" data-e-type=\"container\">\n\t\t\t\t<div class=\"elementor-element elementor-element-1065cf2e elementor-invisible elementor-widget elementor-widget-spacer\" data-id=\"1065cf2e\" data-element_type=\"widget\" data-e-type=\"widget\" data-settings=\"{&quot;_animation&quot;:&quot;fadeInDown&quot;,&quot;_animation_mobile&quot;:&quot;none&quot;,&quot;_animation_tablet&quot;:&quot;none&quot;}\" data-widget_type=\"spacer.default\">\n\t\t\t\t<div class=\"elementor-widget-container\">\n\t\t\t\t\t\t\t<div class=\"elementor-spacer\">\n\t\t\t<div class=\"elementor-spacer-inner\"><\/div>\n\t\t<\/div>\n\t\t\t\t\t\t<\/div>\n\t\t\t\t<\/div>\n\t\t\t\t<\/div>\n\t\t<div class=\"elementor-element elementor-element-70c7d436 e-con-full e-flex e-con e-child\" data-id=\"70c7d436\" data-element_type=\"container\" data-e-type=\"container\">\n\t\t\t\t<div class=\"elementor-element elementor-element-5fdf1578 elementor-widget elementor-widget-heading\" data-id=\"5fdf1578\" data-element_type=\"widget\" data-e-type=\"widget\" data-widget_type=\"heading.default\">\n\t\t\t\t<div class=\"elementor-widget-container\">\n\t\t\t\t\t<h1 class=\"elementor-heading-title elementor-size-default\">WTENERGY<\/br> ADVANCED<\/br> SOLUTIONS<\/br> <span style=\"font-weight: 500;font-style: italic;color:#5ab485\">NOTICIAS<\/span><\/h1>\t\t\t\t<\/div>\n\t\t\t\t<\/div>\n\t\t\t\t<div class=\"elementor-element elementor-element-1fc1a748 elementor-widget-divider--view-line elementor-invisible elementor-widget elementor-widget-divider\" data-id=\"1fc1a748\" data-element_type=\"widget\" data-e-type=\"widget\" data-settings=\"{&quot;_animation&quot;:&quot;slideInRight&quot;,&quot;_animation_mobile&quot;:&quot;none&quot;,&quot;_animation_tablet&quot;:&quot;none&quot;}\" data-widget_type=\"divider.default\">\n\t\t\t\t<div class=\"elementor-widget-container\">\n\t\t\t\t\t\t\t<div class=\"elementor-divider\">\n\t\t\t<span class=\"elementor-divider-separator\">\n\t\t\t\t\t\t<\/span>\n\t\t<\/div>\n\t\t\t\t\t\t<\/div>\n\t\t\t\t<\/div>\n\t\t\t\t<\/div>\n\t\t\t\t<\/div>\n\t\t<div class=\"elementor-element elementor-element-591008c4 e-flex e-con-boxed e-con e-parent\" data-id=\"591008c4\" data-element_type=\"container\" data-e-type=\"container\">\n\t\t\t\t\t<div class=\"e-con-inner\">\n\t\t<div class=\"elementor-element elementor-element-44d78cbd e-con-full e-flex e-con e-child\" data-id=\"44d78cbd\" data-element_type=\"container\" data-e-type=\"container\">\n\t\t\t\t<\/div>\n\t\t<div class=\"elementor-element elementor-element-271d2258 e-con-full e-flex e-con e-child\" data-id=\"271d2258\" data-element_type=\"container\" data-e-type=\"container\">\n\t\t\t\t<div class=\"elementor-element elementor-element-5134cd2d elementor-widget elementor-widget-heading\" data-id=\"5134cd2d\" data-element_type=\"widget\" data-e-type=\"widget\" data-widget_type=\"heading.default\">\n\t\t\t\t<div class=\"elementor-widget-container\">\n\t\t\t\t\t<h2 class=\"elementor-heading-title elementor-size-default\">Toda la informaci\u00f3n relacionada con la Tecnolog\u00eda <span style=\"font-weight: 500;font-style: italic;color:#5ab485\">CleanTech<\/span> <\/h2>\t\t\t\t<\/div>\n\t\t\t\t<\/div>\n\t\t\t\t<\/div>\n\t\t\t\t\t<\/div>\n\t\t\t\t<\/div>\n\t\t<div class=\"elementor-element elementor-element-89eebce e-flex e-con-boxed e-con e-parent\" data-id=\"89eebce\" data-element_type=\"container\" data-e-type=\"container\">\n\t\t\t\t\t<div class=\"e-con-inner\">\n\t\t\t\t\t<\/div>\n\t\t\t\t<\/div>\n\t\t<div class=\"elementor-element elementor-element-dec657b e-con-full e-flex e-con e-parent\" data-id=\"dec657b\" data-element_type=\"container\" data-e-type=\"container\" data-settings=\"{&quot;background_background&quot;:&quot;classic&quot;}\">\n\t\t\t\t<div class=\"elementor-element elementor-element-680aa307 elementor-widget elementor-widget-text-editor\" data-id=\"680aa307\" data-element_type=\"widget\" data-e-type=\"widget\" data-widget_type=\"text-editor.default\">\n\t\t\t\t<div class=\"elementor-widget-container\">\n\t\t\t\t\t\t\t\t\t<p>\u00bfQuieres saber m\u00e1s?<\/p>\t\t\t\t\t\t\t\t<\/div>\n\t\t\t\t<\/div>\n\t\t\t\t<div class=\"elementor-element elementor-element-23131437 elementor-widget elementor-widget-text-editor\" data-id=\"23131437\" data-element_type=\"widget\" data-e-type=\"widget\" data-widget_type=\"text-editor.default\">\n\t\t\t\t<div class=\"elementor-widget-container\">\n\t\t\t\t\t\t\t\t\t<p>Solicita una reuni\u00f3n con nuestro equipo y te haremos<br>una evaluaci\u00f3n t\u00e9cnica y econ\u00f3mica para tu planta.<\/p>\t\t\t\t\t\t\t\t<\/div>\n\t\t\t\t<\/div>\n\t\t\t\t<div class=\"elementor-element elementor-element-66719c39 elementor-align-center elementor-widget elementor-widget-button\" data-id=\"66719c39\" data-element_type=\"widget\" data-e-type=\"widget\" data-widget_type=\"button.default\">\n\t\t\t\t<div class=\"elementor-widget-container\">\n\t\t\t\t\t\t\t\t\t<div class=\"elementor-button-wrapper\">\n\t\t\t\t\t<a class=\"elementor-button elementor-button-link elementor-size-sm\" href=\"https:\/\/www.wte-as.com\/es\/soluciones-de-tecnologia-de-gasificacion\/\">\n\t\t\t\t\t\t<span class=\"elementor-button-content-wrapper\">\n\t\t\t\t\t\t\t\t\t<span class=\"elementor-button-text\">SOLICITAR REUNI\u00d3N<\/span>\n\t\t\t\t\t<\/span>\n\t\t\t\t\t<\/a>\n\t\t\t\t<\/div>\n\t\t\t\t\t\t\t\t<\/div>\n\t\t\t\t<\/div>\n\t\t\t\t<\/div>\n\t\t\t\t<\/div>\n\t\t","protected":false},"excerpt":{"rendered":"<p>WTENERGY ADVANCED SOLUTIONS NOTICIAS Toda la informaci\u00f3n relacionada con la Tecnolog\u00eda CleanTech \u00bfQuieres saber m\u00e1s? Solicita una reuni\u00f3n con nuestro equipo y te haremosuna evaluaci\u00f3n t\u00e9cnica y econ\u00f3mica para tu planta. SOLICITAR REUNI\u00d3N<\/p>\n","protected":false},"author":1,"featured_media":5721,"parent":0,"menu_order":0,"comment_status":"closed","ping_status":"closed","template":"","meta":{"footnotes":""},"class_list":["post-5962","page","type-page","status-publish","has-post-thumbnail","hentry"],"yoast_head":"<!-- This site is optimized with the Yoast SEO plugin v26.9 - https:\/\/yoast.com\/product\/yoast-seo-wordpress\/ -->\n<title>Soluciones avanzadas CleanTech | Noticias &#187; WtEnergy<\/title>\n<meta name=\"description\" content=\"Art\u00edculos sobre tecnolog\u00eda CleanTech, gesti\u00f3n ecol\u00f3gica y circular de los residuos y creaci\u00f3n de plantas de gasificaci\u00f3n.\" \/>\n<meta name=\"robots\" content=\"index, follow, max-snippet:-1, max-image-preview:large, max-video-preview:-1\" \/>\n<link rel=\"canonical\" href=\"https:\/\/www.wte-as.com\/es\/soluciones-avanzadas-cleantech\/\" \/>\n<meta property=\"og:locale\" content=\"es_ES\" \/>\n<meta property=\"og:type\" content=\"article\" \/>\n<meta property=\"og:title\" content=\"Soluciones avanzadas CleanTech | Noticias &#187; WtEnergy\" \/>\n<meta property=\"og:description\" content=\"Art\u00edculos sobre tecnolog\u00eda CleanTech, gesti\u00f3n ecol\u00f3gica y circular de los residuos y creaci\u00f3n de plantas de gasificaci\u00f3n.\" \/>\n<meta property=\"og:url\" content=\"https:\/\/www.wte-as.com\/es\/soluciones-avanzadas-cleantech\/\" \/>\n<meta property=\"og:site_name\" content=\"WtEnergy Advanced Solutions\" \/>\n<meta property=\"article:modified_time\" content=\"2025-07-29T07:06:44+00:00\" \/>\n<meta property=\"og:image\" content=\"https:\/\/www.wte-as.com\/wp-content\/uploads\/2020\/11\/WtEnergy-CleanTech-gasifier.jpg\" \/>\n\t<meta property=\"og:image:width\" content=\"934\" \/>\n\t<meta property=\"og:image:height\" content=\"527\" \/>\n\t<meta property=\"og:image:type\" content=\"image\/jpeg\" \/>\n<meta name=\"twitter:card\" content=\"summary_large_image\" \/>\n<meta name=\"twitter:label1\" content=\"Tiempo de lectura\" \/>\n\t<meta name=\"twitter:data1\" content=\"1 minuto\" \/>\n<!-- \/ Yoast SEO plugin. -->","yoast_head_json":{"title":"Soluciones avanzadas CleanTech | Noticias &#187; WtEnergy","description":"Art\u00edculos sobre tecnolog\u00eda CleanTech, gesti\u00f3n ecol\u00f3gica y circular de los residuos y creaci\u00f3n de plantas de gasificaci\u00f3n.","robots":{"index":"index","follow":"follow","max-snippet":"max-snippet:-1","max-image-preview":"max-image-preview:large","max-video-preview":"max-video-preview:-1"},"canonical":"https:\/\/www.wte-as.com\/es\/soluciones-avanzadas-cleantech\/","og_locale":"es_ES","og_type":"article","og_title":"Soluciones avanzadas CleanTech | Noticias &#187; WtEnergy","og_description":"Art\u00edculos sobre tecnolog\u00eda CleanTech, gesti\u00f3n ecol\u00f3gica y circular de los residuos y creaci\u00f3n de plantas de gasificaci\u00f3n.","og_url":"https:\/\/www.wte-as.com\/es\/soluciones-avanzadas-cleantech\/","og_site_name":"WtEnergy Advanced Solutions","article_modified_time":"2025-07-29T07:06:44+00:00","og_image":[{"width":934,"height":527,"url":"https:\/\/www.wte-as.com\/wp-content\/uploads\/2020\/11\/WtEnergy-CleanTech-gasifier.jpg","type":"image\/jpeg"}],"twitter_card":"summary_large_image","twitter_misc":{"Tiempo de lectura":"1 minuto"},"schema":{"@context":"https:\/\/schema.org","@graph":[{"@type":"WebPage","@id":"https:\/\/www.wte-as.com\/es\/soluciones-avanzadas-cleantech\/","url":"https:\/\/www.wte-as.com\/es\/soluciones-avanzadas-cleantech\/","name":"Soluciones avanzadas CleanTech | Noticias &#187; WtEnergy","isPartOf":{"@id":"https:\/\/www.wte-as.com\/es\/#website"},"primaryImageOfPage":{"@id":"https:\/\/www.wte-as.com\/es\/soluciones-avanzadas-cleantech\/#primaryimage"},"image":{"@id":"https:\/\/www.wte-as.com\/es\/soluciones-avanzadas-cleantech\/#primaryimage"},"thumbnailUrl":"https:\/\/www.wte-as.com\/wp-content\/uploads\/2020\/11\/WtEnergy-CleanTech-gasifier.jpg","datePublished":"2023-05-10T11:05:45+00:00","dateModified":"2025-07-29T07:06:44+00:00","description":"Art\u00edculos sobre tecnolog\u00eda CleanTech, gesti\u00f3n ecol\u00f3gica y circular de los residuos y creaci\u00f3n de plantas de gasificaci\u00f3n.","breadcrumb":{"@id":"https:\/\/www.wte-as.com\/es\/soluciones-avanzadas-cleantech\/#breadcrumb"},"inLanguage":"es","potentialAction":[{"@type":"ReadAction","target":["https:\/\/www.wte-as.com\/es\/soluciones-avanzadas-cleantech\/"]}]},{"@type":"ImageObject","inLanguage":"es","@id":"https:\/\/www.wte-as.com\/es\/soluciones-avanzadas-cleantech\/#primaryimage","url":"https:\/\/www.wte-as.com\/wp-content\/uploads\/2020\/11\/WtEnergy-CleanTech-gasifier.jpg","contentUrl":"https:\/\/www.wte-as.com\/wp-content\/uploads\/2020\/11\/WtEnergy-CleanTech-gasifier.jpg","width":934,"height":527,"caption":"Gasificador CleanTech WtEnergy"},{"@type":"BreadcrumbList","@id":"https:\/\/www.wte-as.com\/es\/soluciones-avanzadas-cleantech\/#breadcrumb","itemListElement":[{"@type":"ListItem","position":1,"name":"Home","item":"https:\/\/www.wte-as.com\/es\/"},{"@type":"ListItem","position":2,"name":"Noticias"}]},{"@type":"WebSite","@id":"https:\/\/www.wte-as.com\/es\/#website","url":"https:\/\/www.wte-as.com\/es\/","name":"WtEnergy Advanced Solutions","description":"Implementation of CleanTech and waste to energy technologies.","publisher":{"@id":"https:\/\/www.wte-as.com\/es\/#organization"},"alternateName":"WtEnergy","potentialAction":[{"@type":"SearchAction","target":{"@type":"EntryPoint","urlTemplate":"https:\/\/www.wte-as.com\/es\/?s={search_term_string}"},"query-input":{"@type":"PropertyValueSpecification","valueRequired":true,"valueName":"search_term_string"}}],"inLanguage":"es"},{"@type":"Organization","@id":"https:\/\/www.wte-as.com\/es\/#organization","name":"WtEnergy Advanced Solutions","alternateName":"WtEnergy","url":"https:\/\/www.wte-as.com\/es\/","logo":{"@type":"ImageObject","inLanguage":"es","@id":"https:\/\/www.wte-as.com\/es\/#\/schema\/logo\/image\/","url":"https:\/\/www.wte-as.com\/wp-content\/uploads\/2023\/05\/wtenergy-advanced-solutions-.png","contentUrl":"https:\/\/www.wte-as.com\/wp-content\/uploads\/2023\/05\/wtenergy-advanced-solutions-.png","width":348,"height":107,"caption":"WtEnergy Advanced Solutions"},"image":{"@id":"https:\/\/www.wte-as.com\/es\/#\/schema\/logo\/image\/"},"sameAs":["https:\/\/www.linkedin.com\/company\/waste-to-energy-advanced-solutions\/"]}]}},"_links":{"self":[{"href":"https:\/\/www.wte-as.com\/es\/wp-json\/wp\/v2\/pages\/5962","targetHints":{"allow":["GET"]}}],"collection":[{"href":"https:\/\/www.wte-as.com\/es\/wp-json\/wp\/v2\/pages"}],"about":[{"href":"https:\/\/www.wte-as.com\/es\/wp-json\/wp\/v2\/types\/page"}],"author":[{"embeddable":true,"href":"https:\/\/www.wte-as.com\/es\/wp-json\/wp\/v2\/users\/1"}],"replies":[{"embeddable":true,"href":"https:\/\/www.wte-as.com\/es\/wp-json\/wp\/v2\/comments?post=5962"}],"version-history":[{"count":0,"href":"https:\/\/www.wte-as.com\/es\/wp-json\/wp\/v2\/pages\/5962\/revisions"}],"wp:featuredmedia":[{"embeddable":true,"href":"https:\/\/www.wte-as.com\/es\/wp-json\/wp\/v2\/media\/5721"}],"wp:attachment":[{"href":"https:\/\/www.wte-as.com\/es\/wp-json\/wp\/v2\/media?parent=5962"}],"curies":[{"name":"wp","href":"https:\/\/api.w.org\/{rel}","templated":true}]}}